{"id":3298,"date":"2024-02-22T16:54:36","date_gmt":"2024-02-22T13:54:36","guid":{"rendered":"https:\/\/www.innotrepp.ee\/reading-at\/media-coverage\/"},"modified":"2024-08-23T13:16:45","modified_gmt":"2024-08-23T10:16:45","slug":"media-coverage","status":"publish","type":"page","link":"https:\/\/www.innotrepp.ee\/en\/reading-at\/media-coverage\/","title":{"rendered":"Media coverage"},"content":{"rendered":"<section class=\"blog-featured-block bg-white\">\n\t<div class=\"swiper\">\n\t\t<div class=\"swiper-wrapper\">\n\t\t\t\t\t\t\t\t\t\t\t<div class=\"swiper-slide\">\n\t\t\t\t\t<div class=\"container\">\n\t\t\t\t\t\t<div class=\"row py-lg-32\">\n\t\t\t\t\t\t\t<div class=\"left col col-lg-6 col-12\">\n\t\t\t\t\t\t\t\t<div class=\"h100 d-flex flex-column justify-content-between\">\n\t\t\t\t\t\t\t\t\t<div class=\"left-top\">\n\t\t\t\t\t\t\t\t\t\t<p class=\"tags fs-14 color-primaryBlue\">T\u00f6\u00f6andjad<\/p>\t\t\t\t\t\t\t\t\t\t<h3 class=\"title\">Mida peaks iga ettev\u00f5te teadma innovatsiooniv\u00f5imekusest?<\/h2>\t\t\t\t\t\t\t\t\t\t<p class=\"excerpt fs-14\">Harjumusp\u00e4raselt on suurim fookus k\u00f5rgtehnoloogilistes teadmusmahukatel t\u00f6\u00f6stusharudel, v\u00e4hem r\u00e4\u00e4gitakse klassikalise majanduse innovatsioonist ja selle erinevatest v\u00f5imalustest.<\/p>\t\t\t\t\t\t\t\t\t\t<a class=\"btn\" href=\"https:\/\/www.innotrepp.ee\/blogi\/mida-peaks-teadma-innovatsioonist\/\" target=\"_blank\">Read more<\/a>\t\t\t\t\t\t\t\t\t<\/div>\n\t\t\t\t\t\t\t\t\t<div class=\"left-bottom d-lg-flex align-items-center mt-auto d-none\">\n\t\t\t\t\t\t\t\t\t\t<div class=\"d-flex align-items-center me-24\">\n\t\t\t\t\t\t\t\t\t\t\t<div class=\"blog-swiper-prev me-8\"><\/div>\n\t\t\t\t\t\t\t\t\t\t\t<div class=\"blog-swiper-next\"><\/div>\n\t\t\t\t\t\t\t\t\t\t<\/div>\n\t\t\t\t\t\t\t\t\t\t<div class=\"swiper-pagination\"><\/div>\n\t\t\t\t\t\t\t\t\t<\/div>\n\t\t\t\t\t\t\t\t<\/div>\n\t\t\t\t\t\t\t<\/div>\n\t\t\t\t\t\t\t<div class=\"right col col-lg-6 col-12 d-flex justify-content-lg-end justify-content-center mt-lg-0 mt-32\">\n\t\t\t\t\t\t\t\t<div class=\"featured-image-wrap w100\">\n\t\t\t\t\t\t\t\t\t<div class=\"featured-image position-relative overflow-hidden w100 border-radius-8\">\n\t\t\t\t\t\t\t\t\t\t\t\t\t\t\t\t\t\t\t\t\t<img loading=\"lazy\" decoding=\"async\" class=\"position-absolute top-0 start-0 w100 h100\" src=\"https:\/\/www.innotrepp.ee\/wp-content\/uploads\/2024\/03\/289A3003-scaled-1.jpg\" width=\"2560\" height=\"1707\" alt=\"\" \/>\n\t\t\t\t\t\t\t\t\t\t\t\t\t\t\t\t\t\t\t<\/div>\n\t\t\t\t\t\t\t\t<\/div>\n\t\t\t\t\t\t\t<\/div>\n\t\t\t\t\t\t<\/div>\n\t\t\t\t\t<\/div>\n\t\t\t\t<\/div>\n\t\t\t\t\t\t\t\t\t\t\t<div class=\"swiper-slide\">\n\t\t\t\t\t<div class=\"container\">\n\t\t\t\t\t\t<div class=\"row py-lg-32\">\n\t\t\t\t\t\t\t<div class=\"left col col-lg-6 col-12\">\n\t\t\t\t\t\t\t\t<div class=\"h100 d-flex flex-column justify-content-between\">\n\t\t\t\t\t\t\t\t\t<div class=\"left-top\">\n\t\t\t\t\t\t\t\t\t\t<p class=\"tags fs-14 color-primaryBlue\">T\u00f6\u00f6andjad<\/p>\t\t\t\t\t\t\t\t\t\t<h3 class=\"title\"><\/h2>\t\t\t\t\t\t\t\t\t\t<p class=\"excerpt fs-14\"><\/p>\t\t\t\t\t\t\t\t\t\t<a class=\"btn\" href=\"https:\/\/www.innotrepp.ee\/blogi\/mida-peaks-teadma-innovatsioonist\/\" target=\"_blank\">Read more<\/a>\t\t\t\t\t\t\t\t\t<\/div>\n\t\t\t\t\t\t\t\t\t<div class=\"left-bottom d-lg-flex align-items-center mt-auto d-none\">\n\t\t\t\t\t\t\t\t\t\t<div class=\"d-flex align-items-center me-24\">\n\t\t\t\t\t\t\t\t\t\t\t<div class=\"blog-swiper-prev me-8\"><\/div>\n\t\t\t\t\t\t\t\t\t\t\t<div class=\"blog-swiper-next\"><\/div>\n\t\t\t\t\t\t\t\t\t\t<\/div>\n\t\t\t\t\t\t\t\t\t\t<div class=\"swiper-pagination\"><\/div>\n\t\t\t\t\t\t\t\t\t<\/div>\n\t\t\t\t\t\t\t\t<\/div>\n\t\t\t\t\t\t\t<\/div>\n\t\t\t\t\t\t\t<div class=\"right col col-lg-6 col-12 d-flex justify-content-lg-end justify-content-center mt-lg-0 mt-32\">\n\t\t\t\t\t\t\t\t<div class=\"featured-image-wrap w100\">\n\t\t\t\t\t\t\t\t\t<div class=\"featured-image position-relative overflow-hidden w100 border-radius-8\">\n\t\t\t\t\t\t\t\t\t\t\t\t\t\t\t\t\t\t\t<\/div>\n\t\t\t\t\t\t\t\t<\/div>\n\t\t\t\t\t\t\t<\/div>\n\t\t\t\t\t\t<\/div>\n\t\t\t\t\t<\/div>\n\t\t\t\t<\/div>\n\t\t\t\t\t\t\t\t\t\t\t<div class=\"swiper-slide\">\n\t\t\t\t\t<div class=\"container\">\n\t\t\t\t\t\t<div class=\"row py-lg-32\">\n\t\t\t\t\t\t\t<div class=\"left col col-lg-6 col-12\">\n\t\t\t\t\t\t\t\t<div class=\"h100 d-flex flex-column justify-content-between\">\n\t\t\t\t\t\t\t\t\t<div class=\"left-top\">\n\t\t\t\t\t\t\t\t\t\t<p class=\"tags fs-14 color-primaryBlue\">Media coverage<\/p>\t\t\t\t\t\t\t\t\t\t<h3 class=\"title\">Kuidas 25 euroga oma ettev\u00f5tte innovatsiooniv\u00f5imekust t\u00f5sta?<\/h2>\t\t\t\t\t\t\t\t\t\t<p class=\"excerpt fs-14\"><\/p>\t\t\t\t\t\t\t\t\t\t<a class=\"btn\" href=\"https:\/\/www.toostusuudised.ee\/uudised\/2023\/03\/24\/kuidas-25-euroga-oma-ettevotte-innovatsioonivoimekust-tosta\" target=\"_blank\">Read more<\/a>\t\t\t\t\t\t\t\t\t<\/div>\n\t\t\t\t\t\t\t\t\t<div class=\"left-bottom d-lg-flex align-items-center mt-auto d-none\">\n\t\t\t\t\t\t\t\t\t\t<div class=\"d-flex align-items-center me-24\">\n\t\t\t\t\t\t\t\t\t\t\t<div class=\"blog-swiper-prev me-8\"><\/div>\n\t\t\t\t\t\t\t\t\t\t\t<div class=\"blog-swiper-next\"><\/div>\n\t\t\t\t\t\t\t\t\t\t<\/div>\n\t\t\t\t\t\t\t\t\t\t<div class=\"swiper-pagination\"><\/div>\n\t\t\t\t\t\t\t\t\t<\/div>\n\t\t\t\t\t\t\t\t<\/div>\n\t\t\t\t\t\t\t<\/div>\n\t\t\t\t\t\t\t<div class=\"right col col-lg-6 col-12 d-flex justify-content-lg-end justify-content-center mt-lg-0 mt-32\">\n\t\t\t\t\t\t\t\t<div class=\"featured-image-wrap w100\">\n\t\t\t\t\t\t\t\t\t<div class=\"featured-image position-relative overflow-hidden w100 border-radius-8\">\n\t\t\t\t\t\t\t\t\t\t\t\t\t\t\t\t\t\t\t\t\t<img loading=\"lazy\" decoding=\"async\" class=\"position-absolute top-0 start-0 w100 h100\" src=\"https:\/\/www.innotrepp.ee\/wp-content\/uploads\/2024\/03\/siim-kinnas.png\" width=\"1920\" height=\"1200\" alt=\"\" \/>\n\t\t\t\t\t\t\t\t\t\t\t\t\t\t\t\t\t\t\t<\/div>\n\t\t\t\t\t\t\t\t<\/div>\n\t\t\t\t\t\t\t<\/div>\n\t\t\t\t\t\t<\/div>\n\t\t\t\t\t<\/div>\n\t\t\t\t<\/div>\n\t\t\t\t\t\t\t\t\t\t\t<div class=\"swiper-slide\">\n\t\t\t\t\t<div class=\"container\">\n\t\t\t\t\t\t<div class=\"row py-lg-32\">\n\t\t\t\t\t\t\t<div class=\"left col col-lg-6 col-12\">\n\t\t\t\t\t\t\t\t<div class=\"h100 d-flex flex-column justify-content-between\">\n\t\t\t\t\t\t\t\t\t<div class=\"left-top\">\n\t\t\t\t\t\t\t\t\t\t<p class=\"tags fs-14 color-primaryBlue\">Media coverage<\/p>\t\t\t\t\t\t\t\t\t\t<h3 class=\"title\">Kuidas olla innovaatiline ja l\u00f5igata sellest kasu?<\/h2>\t\t\t\t\t\t\t\t\t\t<p class=\"excerpt fs-14\"><\/p>\t\t\t\t\t\t\t\t\t\t<a class=\"btn\" href=\"https:\/\/majandus.postimees.ee\/7778159\/kuidas-olla-innovaatiline-ja-loigata-sellest-kasu\" target=\"_blank\">Read more<\/a>\t\t\t\t\t\t\t\t\t<\/div>\n\t\t\t\t\t\t\t\t\t<div class=\"left-bottom d-lg-flex align-items-center mt-auto d-none\">\n\t\t\t\t\t\t\t\t\t\t<div class=\"d-flex align-items-center me-24\">\n\t\t\t\t\t\t\t\t\t\t\t<div class=\"blog-swiper-prev me-8\"><\/div>\n\t\t\t\t\t\t\t\t\t\t\t<div class=\"blog-swiper-next\"><\/div>\n\t\t\t\t\t\t\t\t\t\t<\/div>\n\t\t\t\t\t\t\t\t\t\t<div class=\"swiper-pagination\"><\/div>\n\t\t\t\t\t\t\t\t\t<\/div>\n\t\t\t\t\t\t\t\t<\/div>\n\t\t\t\t\t\t\t<\/div>\n\t\t\t\t\t\t\t<div class=\"right col col-lg-6 col-12 d-flex justify-content-lg-end justify-content-center mt-lg-0 mt-32\">\n\t\t\t\t\t\t\t\t<div class=\"featured-image-wrap w100\">\n\t\t\t\t\t\t\t\t\t<div class=\"featured-image position-relative overflow-hidden w100 border-radius-8\">\n\t\t\t\t\t\t\t\t\t\t\t\t\t\t\t\t\t\t\t\t\t<img loading=\"lazy\" decoding=\"async\" class=\"position-absolute top-0 start-0 w100 h100\" src=\"https:\/\/www.innotrepp.ee\/wp-content\/uploads\/2024\/03\/tehnopol.png\" width=\"1442\" height=\"960\" alt=\"\" \/>\n\t\t\t\t\t\t\t\t\t\t\t\t\t\t\t\t\t\t\t<\/div>\n\t\t\t\t\t\t\t\t<\/div>\n\t\t\t\t\t\t\t<\/div>\n\t\t\t\t\t\t<\/div>\n\t\t\t\t\t<\/div>\n\t\t\t\t<\/div>\n\t\t\t\t\t\t\t\t\t\t\t<div class=\"swiper-slide\">\n\t\t\t\t\t<div class=\"container\">\n\t\t\t\t\t\t<div class=\"row py-lg-32\">\n\t\t\t\t\t\t\t<div class=\"left col col-lg-6 col-12\">\n\t\t\t\t\t\t\t\t<div class=\"h100 d-flex flex-column justify-content-between\">\n\t\t\t\t\t\t\t\t\t<div class=\"left-top\">\n\t\t\t\t\t\t\t\t\t\t<p class=\"tags fs-14 color-primaryBlue\">EAS<\/p>\t\t\t\t\t\t\t\t\t\t<h3 class=\"title\">Puust ja punaseks: mida peaks iga ettev\u00f5te teadma intellektuaalomandist?<\/h2>\t\t\t\t\t\t\t\t\t\t<p class=\"excerpt fs-14\">EAS-i tehnoloogiasiirde teenuste juht Siim Kinnas jagab m\u00f5tteid, mida ettev\u00f5tted peaksid teadma intellektuaalomandist, selle kaitsest ja \u00e4ris rakendamisest.\u00a0<\/p>\t\t\t\t\t\t\t\t\t\t<a class=\"btn\" href=\"https:\/\/www.innotrepp.ee\/blogi\/puust-ja-punaseks-mida-peaks-iga-ettevote-teadma-intellektuaalomandist\/\" target=\"_blank\">Read more<\/a>\t\t\t\t\t\t\t\t\t<\/div>\n\t\t\t\t\t\t\t\t\t<div class=\"left-bottom d-lg-flex align-items-center mt-auto d-none\">\n\t\t\t\t\t\t\t\t\t\t<div class=\"d-flex align-items-center me-24\">\n\t\t\t\t\t\t\t\t\t\t\t<div class=\"blog-swiper-prev me-8\"><\/div>\n\t\t\t\t\t\t\t\t\t\t\t<div class=\"blog-swiper-next\"><\/div>\n\t\t\t\t\t\t\t\t\t\t<\/div>\n\t\t\t\t\t\t\t\t\t\t<div class=\"swiper-pagination\"><\/div>\n\t\t\t\t\t\t\t\t\t<\/div>\n\t\t\t\t\t\t\t\t<\/div>\n\t\t\t\t\t\t\t<\/div>\n\t\t\t\t\t\t\t<div class=\"right col col-lg-6 col-12 d-flex justify-content-lg-end justify-content-center mt-lg-0 mt-32\">\n\t\t\t\t\t\t\t\t<div class=\"featured-image-wrap w100\">\n\t\t\t\t\t\t\t\t\t<div class=\"featured-image position-relative overflow-hidden w100 border-radius-8\">\n\t\t\t\t\t\t\t\t\t\t\t\t\t\t\t\t\t\t\t\t\t<img loading=\"lazy\" decoding=\"async\" class=\"position-absolute top-0 start-0 w100 h100\" src=\"https:\/\/www.innotrepp.ee\/wp-content\/uploads\/2024\/03\/siim-kinnas.png\" width=\"1920\" height=\"1200\" alt=\"\" \/>\n\t\t\t\t\t\t\t\t\t\t\t\t\t\t\t\t\t\t\t<\/div>\n\t\t\t\t\t\t\t\t<\/div>\n\t\t\t\t\t\t\t<\/div>\n\t\t\t\t\t\t<\/div>\n\t\t\t\t\t<\/div>\n\t\t\t\t<\/div>\n\t\t\t\t\t<\/div>\n\t\t<div class=\"mob-bottom d-lg-none align-items-center mt-auto d-flex flex-column justify-content-center py-16\">\n\t\t\t<div class=\"swiper-pagination mb-16\"><\/div>\n\t\t\t<div class=\"d-flex align-items-center\">\n\t\t\t\t<div class=\"blog-swiper-prev me-8\"><\/div>\n\t\t\t\t<div class=\"blog-swiper-next\"><\/div>\n\t\t\t<\/div>\n\t\t<\/div>\n    <\/div>\n<\/section>\n<section class=\"blog-category-posts-block mb-96\">\n\t\t\t<div class=\"categories-wrap border-top-gray200 border-bottom-gray200 bg-white pt-lg-12 pt-16\">\n\t\t\t<div class=\"container-wide\">\n\t\t\t\t<div class=\"categories d-flex flex-wrap flex-lg-row flex-column align-items-lg-end align-items-start\">\n\t\t\t\t\t\t\t\t\t\t\t\t\t\t\t\t<div class=\"category position-relative pb-lg-12 pb-4 me-lg-12 mb-lg-0 mb-12\">\n\t\t\t\t\t\t\t<a href=\"https:\/\/www.innotrepp.ee\/en\/reading-at\/\">Everything<\/a>\n\t\t\t\t\t\t<\/div>\n\t\t\t\t\t\t\t\t\t\t\t\t\t\t\t\t\t\t\t\t\t\t\t\t\t\t\t\t\t\t\t\t\t\t\t\t<div class=\"category position-relative pb-lg-12 pb-4 me-lg-12 mb-lg-0 mb-12\">\n\t\t\t\t\t\t\t\t<a href=\"https:\/\/www.innotrepp.ee\/en\/reading-at\/news\/\">News<\/a>\n\t\t\t\t\t\t\t<\/div>\n\t\t\t\t\t\t\t\t\t\t\t\t\t\t\t\t\t\t\t\t\t\t\t\t\t\t\t\t\t\t\t\t\t\t\t\t\t<div class=\"category position-relative pb-lg-12 pb-4 me-lg-12 mb-lg-0 mb-12\">\n\t\t\t\t\t\t\t\t<a href=\"https:\/\/www.innotrepp.ee\/en\/reading-at\/success-stories\/\">Success stories<\/a>\n\t\t\t\t\t\t\t<\/div>\n\t\t\t\t\t\t\t\t\t\t\t\t\t\t\t\t\t\t\t\t\t\t\t\t\t\t\t\t\t\t\t\t\t\t\t\t\t<div class=\"category position-relative pb-lg-12 pb-4 me-lg-12 mb-lg-0 mb-12\">\n\t\t\t\t\t\t\t\t<a href=\"https:\/\/www.innotrepp.ee\/en\/reading-at\/advice\/\">Tips<\/a>\n\t\t\t\t\t\t\t<\/div>\n\t\t\t\t\t\t\t\t\t\t\t\t\t\t\t\t\t\t\t\t\t\t\t\t\t\t\t\t\t\t\t\t\t<div class=\"category position-relative pb-lg-12 pb-4 me-lg-12 mb-lg-0 mb-12 active\">\n\t\t\t\t\t\t\t<a href=\"https:\/\/www.innotrepp.ee\/en\/reading-at\/media-coverage\/\">Media coverage<\/a>\n\t\t\t\t\t\t<\/div>\n\t\t\t\t\t\t\t\t\t<\/div>\n\t\t\t<\/div>\n\t\t<\/div>\n\t\n\t<div class=\"all-posts-wrap\">\n\t\t<div class=\"container-wide mt-24 mb-lg-0 mb-64\">\n\t\t\t<div class=\"category-section mt-16 pt-24 border-top-primaryBlue d-flex flex-column align-items-start justify-content-start w100\">\n\t\t\t\t\t\t\t\t<div class=\"category-title d-flex flex-lg-row flex-column justify-content-between align-items-start w100 mb-24\">\n\t\t\t\t\t<div class=\"category-title-left\">\n\t\t\t\t\t\t<h3>Media coverage<\/h3>\n\t\t\t\t\t\t<p class=\"description\">Media coverage of our experts on the topics of innovation and innotrep.\r\n<\/p>\t\t\t\t\t<\/div>\n\t\t\t\t<\/div>\n\n\t\t\t\t\t\t\t\t\t\t\t\t\t<div class=\"row category-posts gx-16 gy-16 mb-lg-96 w100\">\n\t\t\t\t\t\t\t\t\t\t\t\t\t\t\t\t\t\t\t\t<div class=\"col col-lg-3 col-12\">\n\t\t\t\t\t\t\t\t<a class=\"post-link text-decoration-none py-8 ps-lg-16 pe-lg-8 border-left-primaryBlue h100 d-flex flex-column align-items-start justify-content-start\" href=\"https:\/\/www.aripaev.ee\/uudised\/2024\/11\/02\/vaiketootja-innoveerib-endal-on-piinlik-kui-midagi-ponevat-ei-tee\" target=\"_blank\">\n\t\t\t\t\t\t\t\t\t<div class=\"featured-image-wrap w100 mb-8\">\n\t\t\t\t\t\t\t\t\t\t<div class=\"featured-image position-relative overflow-hidden w100 border-radius-8 bg-white\">\n\t\t\t\t\t\t\t\t\t\t\t\t\t\t\t\t\t\t\t\t\t\t\t<img loading=\"lazy\" decoding=\"async\" class=\"position-absolute top-0 start-0 w100 h100\" src=\"https:\/\/www.innotrepp.ee\/wp-content\/uploads\/2024\/11\/chocolala.jpeg\" width=\"1600\" height=\"1067\" alt=\"Chocolala\" \/>\n\t\t\t\t\t\t\t\t\t\t\t\t\t\t\t\t\t\t\t\t\t<\/div>\n\t\t\t\t\t\t\t\t\t<\/div>\n\t\t\t\t\t\t\t\t\t\t\t\t\t\t\t\t\t\t<p class=\"media-coverage-link fs-12 color-primaryBlue mb-8 d-flex align-items-center\">\u00c4rip\u00e4ev<\/p>\t\t\t\t\t\t\t\t\t<h4 class=\"post-title color-gray800\">V\u00e4iketootja innoveerib: endal on piinlik, kui midagi p\u00f5nevat ei tee<\/h4>\t\t\t\t\t\t\t\t\t<p class=\"publish-date fs-12 color-gray700\">5. november 2024<\/p>\t\t\t\t\t\t\t\t<\/a>\n\t\t\t\t\t\t\t<\/div>\n\t\t\t\t\t\t\t\t\t\t\t\t\t\t\t\t\t\t\t\t<div class=\"col col-lg-3 col-12\">\n\t\t\t\t\t\t\t\t<a class=\"post-link text-decoration-none py-8 ps-lg-16 pe-lg-8 border-left-primaryBlue h100 d-flex flex-column align-items-start justify-content-start\" href=\"https:\/\/www.seb.ee\/foorum\/pressiuudised\/eesti-ettevotete-innovatsiooni-aitab-kaivitada-koostoo-skandinaavia\" target=\"_blank\">\n\t\t\t\t\t\t\t\t\t<div class=\"featured-image-wrap w100 mb-8\">\n\t\t\t\t\t\t\t\t\t\t<div class=\"featured-image position-relative overflow-hidden w100 border-radius-8 bg-white\">\n\t\t\t\t\t\t\t\t\t\t\t\t\t\t\t\t\t\t\t\t\t\t\t<img loading=\"lazy\" decoding=\"async\" class=\"position-absolute top-0 start-0 w100 h100\" src=\"https:\/\/www.innotrepp.ee\/wp-content\/uploads\/2024\/05\/Helene-500x500-1.jpeg\" width=\"500\" height=\"281\" alt=\"\" \/>\n\t\t\t\t\t\t\t\t\t\t\t\t\t\t\t\t\t\t\t\t\t<\/div>\n\t\t\t\t\t\t\t\t\t<\/div>\n\t\t\t\t\t\t\t\t\t\t\t\t\t\t\t\t\t\t<p class=\"media-coverage-link fs-12 color-primaryBlue mb-8 d-flex align-items-center\">SEB<\/p>\t\t\t\t\t\t\t\t\t<h4 class=\"post-title color-gray800\">Cooperation with Scandinavian corporations helps kick-start innovation in Estonian companies<\/h4>\t\t\t\t\t\t\t\t\t<p class=\"publish-date fs-12 color-gray700\">3. mai 2024<\/p>\t\t\t\t\t\t\t\t<\/a>\n\t\t\t\t\t\t\t<\/div>\n\t\t\t\t\t\t\t\t\t\t\t\t\t\t\t\t\t\t\t\t<div class=\"col col-lg-3 col-12\">\n\t\t\t\t\t\t\t\t<a class=\"post-link text-decoration-none py-8 ps-lg-16 pe-lg-8 border-left-primaryBlue h100 d-flex flex-column align-items-start justify-content-start\" href=\"https:\/\/majandus.postimees.ee\/7778159\/kuidas-olla-innovaatiline-ja-loigata-sellest-kasu\" target=\"_blank\">\n\t\t\t\t\t\t\t\t\t<div class=\"featured-image-wrap w100 mb-8\">\n\t\t\t\t\t\t\t\t\t\t<div class=\"featured-image position-relative overflow-hidden w100 border-radius-8 bg-white\">\n\t\t\t\t\t\t\t\t\t\t\t\t\t\t\t\t\t\t\t\t\t\t\t<img loading=\"lazy\" decoding=\"async\" class=\"position-absolute top-0 start-0 w100 h100\" src=\"https:\/\/www.innotrepp.ee\/wp-content\/uploads\/2024\/03\/tehnopol.png\" width=\"1442\" height=\"960\" alt=\"\" \/>\n\t\t\t\t\t\t\t\t\t\t\t\t\t\t\t\t\t\t\t\t\t<\/div>\n\t\t\t\t\t\t\t\t\t<\/div>\n\t\t\t\t\t\t\t\t\t\t\t\t\t\t\t\t\t\t<p class=\"media-coverage-link fs-12 color-primaryBlue mb-8 d-flex align-items-center\">Postimees<\/p>\t\t\t\t\t\t\t\t\t<h4 class=\"post-title color-gray800\">How to innovate and reap the benefits?<\/h4>\t\t\t\t\t\t\t\t\t<p class=\"publish-date fs-12 color-gray700\">21. oktoober 2023<\/p>\t\t\t\t\t\t\t\t<\/a>\n\t\t\t\t\t\t\t<\/div>\n\t\t\t\t\t\t\t\t\t\t\t\t\t\t\t\t\t\t\t\t<div class=\"col col-lg-3 col-12\">\n\t\t\t\t\t\t\t\t<a class=\"post-link text-decoration-none py-8 ps-lg-16 pe-lg-8 border-left-primaryBlue h100 d-flex flex-column align-items-start justify-content-start\" href=\"https:\/\/www.aripaev.ee\/arvamused\/2023\/05\/14\/ivo-suursoo-trepp-mis-viib-innovatsiooninirvaanasse\" target=\"_blank\">\n\t\t\t\t\t\t\t\t\t<div class=\"featured-image-wrap w100 mb-8\">\n\t\t\t\t\t\t\t\t\t\t<div class=\"featured-image position-relative overflow-hidden w100 border-radius-8 bg-white\">\n\t\t\t\t\t\t\t\t\t\t\t\t\t\t\t\t\t\t\t\t\t\t\t<img loading=\"lazy\" decoding=\"async\" class=\"position-absolute top-0 start-0 w100 h100\" src=\"https:\/\/www.innotrepp.ee\/wp-content\/uploads\/2024\/03\/download-1.jpeg\" width=\"1920\" height=\"1335\" alt=\"\" \/>\n\t\t\t\t\t\t\t\t\t\t\t\t\t\t\t\t\t\t\t\t\t<\/div>\n\t\t\t\t\t\t\t\t\t<\/div>\n\t\t\t\t\t\t\t\t\t\t\t\t\t\t\t\t\t\t<p class=\"media-coverage-link fs-12 color-primaryBlue mb-8 d-flex align-items-center\">Business day<\/p>\t\t\t\t\t\t\t\t\t<h4 class=\"post-title color-gray800\">Ivo Suursoo: stairway to the innovation invasion<\/h4>\t\t\t\t\t\t\t\t\t<p class=\"publish-date fs-12 color-gray700\">20. oktoober 2023<\/p>\t\t\t\t\t\t\t\t<\/a>\n\t\t\t\t\t\t\t<\/div>\n\t\t\t\t\t\t\t\t\t\t\t\t\t\t\t\t\t\t\t\t<div class=\"col col-lg-3 col-12\">\n\t\t\t\t\t\t\t\t<a class=\"post-link text-decoration-none py-8 ps-lg-16 pe-lg-8 border-left-primaryBlue h100 d-flex flex-column align-items-start justify-content-start\" href=\"https:\/\/www.aripaev.ee\/arvamused\/2023\/04\/05\/inge-laas-kuidas-kaivad-kokku-trepijooks-ja-innovatsioon\" target=\"_blank\">\n\t\t\t\t\t\t\t\t\t<div class=\"featured-image-wrap w100 mb-8\">\n\t\t\t\t\t\t\t\t\t\t<div class=\"featured-image position-relative overflow-hidden w100 border-radius-8 bg-white\">\n\t\t\t\t\t\t\t\t\t\t\t\t\t\t\t\t\t\t\t\t\t\t\t<img loading=\"lazy\" decoding=\"async\" class=\"position-absolute top-0 start-0 w100 h100\" src=\"https:\/\/www.innotrepp.ee\/wp-content\/uploads\/2024\/03\/download.jpeg\" width=\"1920\" height=\"1453\" alt=\"\" \/>\n\t\t\t\t\t\t\t\t\t\t\t\t\t\t\t\t\t\t\t\t\t<\/div>\n\t\t\t\t\t\t\t\t\t<\/div>\n\t\t\t\t\t\t\t\t\t\t\t\t\t\t\t\t\t\t<p class=\"media-coverage-link fs-12 color-primaryBlue mb-8 d-flex align-items-center\">Business day<\/p>\t\t\t\t\t\t\t\t\t<h4 class=\"post-title color-gray800\">Inge Laas: how do staircasing and innovation go together?<\/h4>\t\t\t\t\t\t\t\t\t<p class=\"publish-date fs-12 color-gray700\">6. september 2023<\/p>\t\t\t\t\t\t\t\t<\/a>\n\t\t\t\t\t\t\t<\/div>\n\t\t\t\t\t\t\t\t\t\t\t\t\t\t\t\t\t\t\t\t<div class=\"col col-lg-3 col-12\">\n\t\t\t\t\t\t\t\t<a class=\"post-link text-decoration-none py-8 ps-lg-16 pe-lg-8 border-left-primaryBlue h100 d-flex flex-column align-items-start justify-content-start\" href=\"https:\/\/www.innotrepp.ee\/lugemist\/meediakajastused\/\" target=\"_blank\">\n\t\t\t\t\t\t\t\t\t<div class=\"featured-image-wrap w100 mb-8\">\n\t\t\t\t\t\t\t\t\t\t<div class=\"featured-image position-relative overflow-hidden w100 border-radius-8 bg-white\">\n\t\t\t\t\t\t\t\t\t\t\t\t\t\t\t\t\t\t\t\t\t\t\t<img loading=\"lazy\" decoding=\"async\" class=\"position-absolute top-0 start-0 w100 h100\" src=\"https:\/\/www.innotrepp.ee\/wp-content\/uploads\/2024\/03\/siim-kinnas.png\" width=\"1920\" height=\"1200\" alt=\"\" \/>\n\t\t\t\t\t\t\t\t\t\t\t\t\t\t\t\t\t\t\t\t\t<\/div>\n\t\t\t\t\t\t\t\t\t<\/div>\n\t\t\t\t\t\t\t\t\t\t\t\t\t\t\t\t\t\t<p class=\"media-coverage-link fs-12 color-primaryBlue mb-8 d-flex align-items-center\">Industry news<\/p>\t\t\t\t\t\t\t\t\t<h4 class=\"post-title color-gray800\">How can \u20ac25 boost your company&#8217;s innovation capacity?<\/h4>\t\t\t\t\t\t\t\t\t<p class=\"publish-date fs-12 color-gray700\">4. august 2023<\/p>\t\t\t\t\t\t\t\t<\/a>\n\t\t\t\t\t\t\t<\/div>\n\t\t\t\t\t\t\t\t\t\t\t<\/div>\n\t\t\t\t\n\t\t\t\t\t\t\t<\/div>\n\t\t<\/div>\n\t<\/div>\n<\/section>\n<section class=\"register-link-block mb-lg-96 mb-64 \">\n\t<div class=\"container-wide\">\n\t\t<div class=\"bg-primaryBlueLightOpacity10 border-radius-24 px-24 py-24\">\n\t\t\t<div class=\"row gy-lg-0 gy-24\">\n\t\t\t\t\t\t\t\t\t<div class=\"col col-lg-6 col-12\">\n\t\t\t\t\t\t<div class=\"content-wrap h100 d-flex flex-column align-items-start justify-content-start\">\n\t\t\t\t\t\t\t<h3>Why create an Innotrep account?<\/h3>\n<p> The Innotrep user account allows you to save the score of the personal innovation test, see the services that are suitable for your development, and choose a personal consultant for advice.<\/p>\n\t\t\t\t\t\t\t\t\t\t\t\t\t<\/div>\n\t\t\t\t\t<\/div>\n\t\t\t\t\t\t\t\t\t\t\t\t\t<div class=\"col col-lg-6 col-12\">\n\t\t\t\t\t\t<div class=\"image-wrap w100\">\n\t\t\t\t\t\t\t<div class=\"image position-relative overflow-hidden w100 border-radius-8 bg-white\">\n\t\t\t\t\t\t\t\t<img loading=\"lazy\" decoding=\"async\" class=\"position-absolute top-0 start-0 w100 h100\" src=\"https:\/\/www.innotrepp.ee\/wp-content\/uploads\/2024\/03\/Firefly-abstract-visual-with-floating-stair-blocks-and-pastel-toned-minimalistic-city-surrounding-73-scaled-1.jpg\" width=\"2560\" height=\"1463\" alt=\"\" \/>\n\t\t\t\t\t\t\t<\/div>\n\t\t\t\t\t\t<\/div>\n\t\t\t\t\t<\/div>\n\t\t\t\t\t\t\t<\/div>\n\t\t<\/div>\n\t<\/div>\n<\/section>\n<section class=\"newsletter-block mb-lg-96 mb-64 \">\n    <div class=\"container-wide\">\n\t\t<div class=\"inside-wrap position-relative py-24 px-24 overflow-hidden border-radius-8\">\n\t\t\t<img loading=\"lazy\" decoding=\"async\" class=\"bg-image position-absolute top-0 start-0 w100 h100\" src=\"https:\/\/www.innotrepp.ee\/wp-content\/uploads\/2024\/02\/foon-1.svg\" width=\"1376\" height=\"277\" alt=\"\" \/>\n\t\t\t<div class=\"block-content position-relative row\">\n\t\t\t\t<div class=\"col col-lg-6 col-12\"><h2 class=\"title fs-72 fw-light\">newsletter<\/h2><\/div>\t\t\t\t\t\t\t\t\t<div class=\"col col-lg-6 col-12\">\n\t\t\t\t\t\t<div class=\"intro mb-lg-48 mb-24\"><p>Subscribe to the innotrep newsletter if you would like news about various innovation opportunities, company experience stories and advice for developing your company to your e-mail.<\/p>\n<\/div>\t\t\t\t\t\t<div class=\"newsletter-form\">\n\t\t\t\t\t\t\t<p class=\"wpcf7-contact-form-not-found\"><strong>Error:<\/strong> Contact form not found.<\/p>\t\t\t\t\t\t<\/div>\n\t\t\t\t\t\t<div class=\"description mt-lg-48 mt-24 fs-12 color-gray700\"><p>You can remove yourself from the newsletter at any time. Read more about our <a href=\"https:\/\/www.innotrepp.ee\/en\/innotrepp-ee-terms-of-use\/\">terms of use<\/a><\/p>\n<\/div>\t\t\t\t\t<\/div>\n\t\t\t\t\t\t\t<\/div>\n\t\t<\/div>\n    <\/div>\n<\/section>","protected":false},"excerpt":{"rendered":"","protected":false},"author":1,"featured_media":0,"parent":3296,"menu_order":0,"comment_status":"closed","ping_status":"closed","template":"page-templates\/no-title.php","meta":{"_acf_changed":false,"slim_seo":{"title":"Media coverage - Innotrepp","description":""},"footnotes":""},"class_list":["post-3298","page","type-page","status-publish","hentry"],"acf":[],"_links":{"self":[{"href":"https:\/\/www.innotrepp.ee\/en\/wp-json\/wp\/v2\/pages\/3298","targetHints":{"allow":["GET"]}}],"collection":[{"href":"https:\/\/www.innotrepp.ee\/en\/wp-json\/wp\/v2\/pages"}],"about":[{"href":"https:\/\/www.innotrepp.ee\/en\/wp-json\/wp\/v2\/types\/page"}],"author":[{"embeddable":true,"href":"https:\/\/www.innotrepp.ee\/en\/wp-json\/wp\/v2\/users\/1"}],"replies":[{"embeddable":true,"href":"https:\/\/www.innotrepp.ee\/en\/wp-json\/wp\/v2\/comments?post=3298"}],"version-history":[{"count":1,"href":"https:\/\/www.innotrepp.ee\/en\/wp-json\/wp\/v2\/pages\/3298\/revisions"}],"predecessor-version":[{"id":3299,"href":"https:\/\/www.innotrepp.ee\/en\/wp-json\/wp\/v2\/pages\/3298\/revisions\/3299"}],"up":[{"embeddable":true,"href":"https:\/\/www.innotrepp.ee\/en\/wp-json\/wp\/v2\/pages\/3296"}],"wp:attachment":[{"href":"https:\/\/www.innotrepp.ee\/en\/wp-json\/wp\/v2\/media?parent=3298"}],"curies":[{"name":"wp","href":"https:\/\/api.w.org\/{rel}","templated":true}]}}