{"id":3300,"date":"2024-02-22T16:54:18","date_gmt":"2024-02-22T13:54:18","guid":{"rendered":"https:\/\/www.innotrepp.ee\/reading-at\/advice\/"},"modified":"2024-08-23T13:16:53","modified_gmt":"2024-08-23T10:16:53","slug":"advice","status":"publish","type":"page","link":"https:\/\/www.innotrepp.ee\/en\/reading-at\/advice\/","title":{"rendered":"Advice"},"content":{"rendered":"<section class=\"blog-featured-block bg-white\">\n\t<div class=\"swiper\">\n\t\t<div class=\"swiper-wrapper\">\n\t\t\t\t\t\t\t\t\t\t\t<div class=\"swiper-slide\">\n\t\t\t\t\t<div class=\"container\">\n\t\t\t\t\t\t<div class=\"row py-lg-32\">\n\t\t\t\t\t\t\t<div class=\"left col col-lg-6 col-12\">\n\t\t\t\t\t\t\t\t<div class=\"h100 d-flex flex-column justify-content-between\">\n\t\t\t\t\t\t\t\t\t<div class=\"left-top\">\n\t\t\t\t\t\t\t\t\t\t<p class=\"tags fs-14 color-primaryBlue\">T\u00f6\u00f6andjad<\/p>\t\t\t\t\t\t\t\t\t\t<h3 class=\"title\">Mida peaks iga ettev\u00f5te teadma innovatsiooniv\u00f5imekusest?<\/h2>\t\t\t\t\t\t\t\t\t\t<p class=\"excerpt fs-14\">Harjumusp\u00e4raselt on suurim fookus k\u00f5rgtehnoloogilistes teadmusmahukatel t\u00f6\u00f6stusharudel, v\u00e4hem r\u00e4\u00e4gitakse klassikalise majanduse innovatsioonist ja selle erinevatest v\u00f5imalustest.<\/p>\t\t\t\t\t\t\t\t\t\t<a class=\"btn\" href=\"https:\/\/www.innotrepp.ee\/blogi\/mida-peaks-teadma-innovatsioonist\/\" target=\"_blank\">Read more<\/a>\t\t\t\t\t\t\t\t\t<\/div>\n\t\t\t\t\t\t\t\t\t<div class=\"left-bottom d-lg-flex align-items-center mt-auto d-none\">\n\t\t\t\t\t\t\t\t\t\t<div class=\"d-flex align-items-center me-24\">\n\t\t\t\t\t\t\t\t\t\t\t<div class=\"blog-swiper-prev me-8\"><\/div>\n\t\t\t\t\t\t\t\t\t\t\t<div class=\"blog-swiper-next\"><\/div>\n\t\t\t\t\t\t\t\t\t\t<\/div>\n\t\t\t\t\t\t\t\t\t\t<div class=\"swiper-pagination\"><\/div>\n\t\t\t\t\t\t\t\t\t<\/div>\n\t\t\t\t\t\t\t\t<\/div>\n\t\t\t\t\t\t\t<\/div>\n\t\t\t\t\t\t\t<div class=\"right col col-lg-6 col-12 d-flex justify-content-lg-end justify-content-center mt-lg-0 mt-32\">\n\t\t\t\t\t\t\t\t<div class=\"featured-image-wrap w100\">\n\t\t\t\t\t\t\t\t\t<div class=\"featured-image position-relative overflow-hidden w100 border-radius-8\">\n\t\t\t\t\t\t\t\t\t\t\t\t\t\t\t\t\t\t\t\t\t<img loading=\"lazy\" decoding=\"async\" class=\"position-absolute top-0 start-0 w100 h100\" src=\"https:\/\/www.innotrepp.ee\/wp-content\/uploads\/2024\/03\/289A3003-scaled-1.jpg\" width=\"2560\" height=\"1707\" alt=\"\" \/>\n\t\t\t\t\t\t\t\t\t\t\t\t\t\t\t\t\t\t\t<\/div>\n\t\t\t\t\t\t\t\t<\/div>\n\t\t\t\t\t\t\t<\/div>\n\t\t\t\t\t\t<\/div>\n\t\t\t\t\t<\/div>\n\t\t\t\t<\/div>\n\t\t\t\t\t\t\t\t\t\t\t<div class=\"swiper-slide\">\n\t\t\t\t\t<div class=\"container\">\n\t\t\t\t\t\t<div class=\"row py-lg-32\">\n\t\t\t\t\t\t\t<div class=\"left col col-lg-6 col-12\">\n\t\t\t\t\t\t\t\t<div class=\"h100 d-flex flex-column justify-content-between\">\n\t\t\t\t\t\t\t\t\t<div class=\"left-top\">\n\t\t\t\t\t\t\t\t\t\t<p class=\"tags fs-14 color-primaryBlue\">T\u00f6\u00f6andjad<\/p>\t\t\t\t\t\t\t\t\t\t<h3 class=\"title\"><\/h2>\t\t\t\t\t\t\t\t\t\t<p class=\"excerpt fs-14\"><\/p>\t\t\t\t\t\t\t\t\t\t<a class=\"btn\" href=\"https:\/\/www.innotrepp.ee\/blogi\/mida-peaks-teadma-innovatsioonist\/\" target=\"_blank\">Read more<\/a>\t\t\t\t\t\t\t\t\t<\/div>\n\t\t\t\t\t\t\t\t\t<div class=\"left-bottom d-lg-flex align-items-center mt-auto d-none\">\n\t\t\t\t\t\t\t\t\t\t<div class=\"d-flex align-items-center me-24\">\n\t\t\t\t\t\t\t\t\t\t\t<div class=\"blog-swiper-prev me-8\"><\/div>\n\t\t\t\t\t\t\t\t\t\t\t<div class=\"blog-swiper-next\"><\/div>\n\t\t\t\t\t\t\t\t\t\t<\/div>\n\t\t\t\t\t\t\t\t\t\t<div class=\"swiper-pagination\"><\/div>\n\t\t\t\t\t\t\t\t\t<\/div>\n\t\t\t\t\t\t\t\t<\/div>\n\t\t\t\t\t\t\t<\/div>\n\t\t\t\t\t\t\t<div class=\"right col col-lg-6 col-12 d-flex justify-content-lg-end justify-content-center mt-lg-0 mt-32\">\n\t\t\t\t\t\t\t\t<div class=\"featured-image-wrap w100\">\n\t\t\t\t\t\t\t\t\t<div class=\"featured-image position-relative overflow-hidden w100 border-radius-8\">\n\t\t\t\t\t\t\t\t\t\t\t\t\t\t\t\t\t\t\t<\/div>\n\t\t\t\t\t\t\t\t<\/div>\n\t\t\t\t\t\t\t<\/div>\n\t\t\t\t\t\t<\/div>\n\t\t\t\t\t<\/div>\n\t\t\t\t<\/div>\n\t\t\t\t\t<\/div>\n\t\t<div class=\"mob-bottom d-lg-none align-items-center mt-auto d-flex flex-column justify-content-center py-16\">\n\t\t\t<div class=\"swiper-pagination mb-16\"><\/div>\n\t\t\t<div class=\"d-flex align-items-center\">\n\t\t\t\t<div class=\"blog-swiper-prev me-8\"><\/div>\n\t\t\t\t<div class=\"blog-swiper-next\"><\/div>\n\t\t\t<\/div>\n\t\t<\/div>\n    <\/div>\n<\/section>\n<section class=\"blog-category-posts-block mb-96\">\n\t\t\t<div class=\"categories-wrap border-top-gray200 border-bottom-gray200 bg-white pt-lg-12 pt-16\">\n\t\t\t<div class=\"container-wide\">\n\t\t\t\t<div class=\"categories d-flex flex-wrap flex-lg-row flex-column align-items-lg-end align-items-start\">\n\t\t\t\t\t\t\t\t\t\t\t\t\t\t\t\t<div class=\"category position-relative pb-lg-12 pb-4 me-lg-12 mb-lg-0 mb-12\">\n\t\t\t\t\t\t\t<a href=\"https:\/\/www.innotrepp.ee\/en\/reading-at\/\">Everything<\/a>\n\t\t\t\t\t\t<\/div>\n\t\t\t\t\t\t\t\t\t\t\t\t\t\t\t\t\t\t\t\t\t\t\t\t\t\t\t\t\t\t\t\t\t\t\t\t<div class=\"category position-relative pb-lg-12 pb-4 me-lg-12 mb-lg-0 mb-12\">\n\t\t\t\t\t\t\t\t<a href=\"https:\/\/www.innotrepp.ee\/en\/reading-at\/news\/\">News<\/a>\n\t\t\t\t\t\t\t<\/div>\n\t\t\t\t\t\t\t\t\t\t\t\t\t\t\t\t\t\t\t\t\t\t\t\t\t\t\t\t\t\t\t\t\t\t\t\t\t<div class=\"category position-relative pb-lg-12 pb-4 me-lg-12 mb-lg-0 mb-12\">\n\t\t\t\t\t\t\t\t<a href=\"https:\/\/www.innotrepp.ee\/en\/reading-at\/success-stories\/\">Success stories<\/a>\n\t\t\t\t\t\t\t<\/div>\n\t\t\t\t\t\t\t\t\t\t\t\t\t\t\t\t\t\t\t\t\t\t\t\t\t\t\t\t\t\t\t\t\t\t\t\t\t<div class=\"category position-relative pb-lg-12 pb-4 me-lg-12 mb-lg-0 mb-12 active\">\n\t\t\t\t\t\t\t\t<a href=\"https:\/\/www.innotrepp.ee\/en\/reading-at\/advice\/\">Tips<\/a>\n\t\t\t\t\t\t\t<\/div>\n\t\t\t\t\t\t\t\t\t\t\t\t\t\t\t\t\t\t\t\t\t\t\t\t\t\t\t\t\t\t\t\t\t<div class=\"category position-relative pb-lg-12 pb-4 me-lg-12 mb-lg-0 mb-12\">\n\t\t\t\t\t\t\t<a href=\"https:\/\/www.innotrepp.ee\/en\/reading-at\/media-coverage\/\">Media coverage<\/a>\n\t\t\t\t\t\t<\/div>\n\t\t\t\t\t\t\t\t\t<\/div>\n\t\t\t<\/div>\n\t\t<\/div>\n\t\n\t<div class=\"all-posts-wrap\">\n\t\t<div class=\"container-wide mt-24 mb-lg-0 mb-64\">\n\t\t\t<div class=\"category-section mt-16 pt-24 border-top-primaryBlue d-flex flex-column align-items-start justify-content-start w100\">\n\t\t\t\t\t\t\t\t<div class=\"category-title d-flex flex-lg-row flex-column justify-content-between align-items-start w100 mb-24\">\n\t\t\t\t\t<div class=\"category-title-left\">\n\t\t\t\t\t\t<h3>Tips<\/h3>\n\t\t\t\t\t\t<p class=\"description\">How to get started with innovation management. We share advice and observations from innovation experts.<\/p>\t\t\t\t\t<\/div>\n\t\t\t\t<\/div>\n\n\t\t\t\t\t\t\t\t\t\t\t\t\t<div class=\"row category-posts gx-16 gy-16 mb-lg-96 w100\">\n\t\t\t\t\t\t\t\t\t\t\t\t\t\t\t\t\t\t\t\t<div class=\"col col-lg-3 col-12\">\n\t\t\t\t\t\t\t\t<a class=\"post-link text-decoration-none py-8 ps-lg-16 pe-lg-8 border-left-primaryBlue h100 d-flex flex-column align-items-start justify-content-start\" href=\"https:\/\/www.innotrepp.ee\/en\/blogi\/oska-tehisintellekti-kasutus-tegi-eesti-ettevotetes-huppe-kuid-teadlik-kasutamine-vajab-veel-arendamist\/\">\n\t\t\t\t\t\t\t\t\t<div class=\"featured-image-wrap w100 mb-8\">\n\t\t\t\t\t\t\t\t\t\t<div class=\"featured-image position-relative overflow-hidden w100 border-radius-8 bg-white\">\n\t\t\t\t\t\t\t\t\t\t\t\t\t\t\t\t\t\t\t\t\t\t\t<img loading=\"lazy\" decoding=\"async\" class=\"position-absolute top-0 start-0 w100 h100\" src=\"https:\/\/www.innotrepp.ee\/wp-content\/uploads\/2025\/12\/Screenshot-2025-12-12-at-12.57.09.png\" width=\"1380\" height=\"650\" alt=\"Screenshot 2025 12 12 at 12.57.09\" \/>\n\t\t\t\t\t\t\t\t\t\t\t\t\t\t\t\t\t\t\t\t\t<\/div>\n\t\t\t\t\t\t\t\t\t<\/div>\n\t\t\t\t\t\t\t\t\t<p class=\"tags fs-12 color-primaryBlue mb-8\">N\u00f5uanded<\/p>\t\t\t\t\t\t\t\t\t\t\t\t\t\t\t\t\t\t<h4 class=\"post-title color-gray800\">OSKA: tehisintellekti kasutus tegi eesti ettev\u00f5tetes h\u00fcppe, kuid teadlik kasutamine vajab veel arendamist<\/h4>\t\t\t\t\t\t\t\t\t<p class=\"publish-date fs-12 color-gray700\">18. detsember 2025<\/p>\t\t\t\t\t\t\t\t<\/a>\n\t\t\t\t\t\t\t<\/div>\n\t\t\t\t\t\t\t\t\t\t\t\t\t\t\t\t\t\t\t\t<div class=\"col col-lg-3 col-12\">\n\t\t\t\t\t\t\t\t<a class=\"post-link text-decoration-none py-8 ps-lg-16 pe-lg-8 border-left-primaryBlue h100 d-flex flex-column align-items-start justify-content-start\" href=\"https:\/\/www.innotrepp.ee\/en\/blogi\/esg-tool-aitab-ettevotetel-kujundada-kestlikke-arimudeleid\/\">\n\t\t\t\t\t\t\t\t\t<div class=\"featured-image-wrap w100 mb-8\">\n\t\t\t\t\t\t\t\t\t\t<div class=\"featured-image position-relative overflow-hidden w100 border-radius-8 bg-white\">\n\t\t\t\t\t\t\t\t\t\t\t\t\t\t\t\t\t\t\t\t\t\t\t<img loading=\"lazy\" decoding=\"async\" class=\"position-absolute top-0 start-0 w100 h100\" src=\"https:\/\/www.innotrepp.ee\/wp-content\/uploads\/2025\/10\/ESG_logo_with_text_85548c7e46-e1759992981736.png\" width=\"994\" height=\"457\" alt=\"Esg logo with text 85548c7e46\" \/>\n\t\t\t\t\t\t\t\t\t\t\t\t\t\t\t\t\t\t\t\t\t<\/div>\n\t\t\t\t\t\t\t\t\t<\/div>\n\t\t\t\t\t\t\t\t\t<p class=\"tags fs-12 color-primaryBlue mb-8\">N\u00f5uanded<\/p>\t\t\t\t\t\t\t\t\t\t\t\t\t\t\t\t\t\t<h4 class=\"post-title color-gray800\">ESG TOOL aitab ettev\u00f5tetel kujundada kestlikke \u00e4rimudeleid<\/h4>\t\t\t\t\t\t\t\t\t<p class=\"publish-date fs-12 color-gray700\">9. oktoober 2025<\/p>\t\t\t\t\t\t\t\t<\/a>\n\t\t\t\t\t\t\t<\/div>\n\t\t\t\t\t\t\t\t\t\t\t\t\t\t\t\t\t\t\t\t<div class=\"col col-lg-3 col-12\">\n\t\t\t\t\t\t\t\t<a class=\"post-link text-decoration-none py-8 ps-lg-16 pe-lg-8 border-left-primaryBlue h100 d-flex flex-column align-items-start justify-content-start\" href=\"https:\/\/www.innotrepp.ee\/en\/blogi\/valminud-on-ringdisaini-tooriistakast\/\">\n\t\t\t\t\t\t\t\t\t<div class=\"featured-image-wrap w100 mb-8\">\n\t\t\t\t\t\t\t\t\t\t<div class=\"featured-image position-relative overflow-hidden w100 border-radius-8 bg-white\">\n\t\t\t\t\t\t\t\t\t\t\t\t\t\t\t\t\t\t\t\t\t\t\t<img loading=\"lazy\" decoding=\"async\" class=\"position-absolute top-0 start-0 w100 h100\" src=\"https:\/\/www.innotrepp.ee\/wp-content\/uploads\/2025\/06\/Screenshot-2025-06-25-at-10.43.42.png\" width=\"1698\" height=\"938\" alt=\"Screenshot 2025 06 25 at 10.43.42\" \/>\n\t\t\t\t\t\t\t\t\t\t\t\t\t\t\t\t\t\t\t\t\t<\/div>\n\t\t\t\t\t\t\t\t\t<\/div>\n\t\t\t\t\t\t\t\t\t<p class=\"tags fs-12 color-primaryBlue mb-8\">EIS<\/p>\t\t\t\t\t\t\t\t\t\t\t\t\t\t\t\t\t\t<h4 class=\"post-title color-gray800\">Valminud on ringdisaini t\u00f6\u00f6riistakast<\/h4>\t\t\t\t\t\t\t\t\t<p class=\"publish-date fs-12 color-gray700\">25. juuni 2025<\/p>\t\t\t\t\t\t\t\t<\/a>\n\t\t\t\t\t\t\t<\/div>\n\t\t\t\t\t\t\t\t\t\t\t\t\t\t\t\t\t\t\t\t<div class=\"col col-lg-3 col-12\">\n\t\t\t\t\t\t\t\t<a class=\"post-link text-decoration-none py-8 ps-lg-16 pe-lg-8 border-left-primaryBlue h100 d-flex flex-column align-items-start justify-content-start\" href=\"https:\/\/www.innotrepp.ee\/en\/blogi\/kuulamissoovitus-el-tehisintellekti-maaruse-mojust-ettevotetele\/\">\n\t\t\t\t\t\t\t\t\t<div class=\"featured-image-wrap w100 mb-8\">\n\t\t\t\t\t\t\t\t\t\t<div class=\"featured-image position-relative overflow-hidden w100 border-radius-8 bg-white\">\n\t\t\t\t\t\t\t\t\t\t\t\t\t\t\t\t\t\t\t\t\t\t\t<img loading=\"lazy\" decoding=\"async\" class=\"position-absolute top-0 start-0 w100 h100\" src=\"https:\/\/www.innotrepp.ee\/wp-content\/uploads\/2025\/06\/1747990804117.jpeg\" width=\"800\" height=\"419\" alt=\"1747990804117\" \/>\n\t\t\t\t\t\t\t\t\t\t\t\t\t\t\t\t\t\t\t\t\t<\/div>\n\t\t\t\t\t\t\t\t\t<\/div>\n\t\t\t\t\t\t\t\t\t<p class=\"tags fs-12 color-primaryBlue mb-8\">EIS<\/p>\t\t\t\t\t\t\t\t\t\t\t\t\t\t\t\t\t\t<h4 class=\"post-title color-gray800\">Kuulamissoovitus: EL tehisintellekti m\u00e4\u00e4ruse m\u00f5just ettev\u00f5tetele<\/h4>\t\t\t\t\t\t\t\t\t<p class=\"publish-date fs-12 color-gray700\">20. juuni 2025<\/p>\t\t\t\t\t\t\t\t<\/a>\n\t\t\t\t\t\t\t<\/div>\n\t\t\t\t\t\t\t\t\t\t\t\t\t\t\t\t\t\t\t\t<div class=\"col col-lg-3 col-12\">\n\t\t\t\t\t\t\t\t<a class=\"post-link text-decoration-none py-8 ps-lg-16 pe-lg-8 border-left-primaryBlue h100 d-flex flex-column align-items-start justify-content-start\" href=\"https:\/\/www.innotrepp.ee\/en\/blogi\/mart-maasik-innovatsioon-on-strateegiline-protsess-mis-tuleb-ules-ehitada-samm-sammult-susteemselt-ja-teadlikult\/\">\n\t\t\t\t\t\t\t\t\t<div class=\"featured-image-wrap w100 mb-8\">\n\t\t\t\t\t\t\t\t\t\t<div class=\"featured-image position-relative overflow-hidden w100 border-radius-8 bg-white\">\n\t\t\t\t\t\t\t\t\t\t\t\t\t\t\t\t\t\t\t\t\t\t\t<img loading=\"lazy\" decoding=\"async\" class=\"position-absolute top-0 start-0 w100 h100\" src=\"https:\/\/www.innotrepp.ee\/wp-content\/uploads\/2025\/03\/DSC_7510-scaled.jpg\" width=\"2560\" height=\"1704\" alt=\"Dsc 7510\" \/>\n\t\t\t\t\t\t\t\t\t\t\t\t\t\t\t\t\t\t\t\t\t<\/div>\n\t\t\t\t\t\t\t\t\t<\/div>\n\t\t\t\t\t\t\t\t\t<p class=\"tags fs-12 color-primaryBlue mb-8\">Kogemuslood<\/p>\t\t\t\t\t\t\t\t\t\t\t\t\t\t\t\t\t\t<h4 class=\"post-title color-gray800\">Mart Maasik: innovatsioon on strateegiline protsess, mis tuleb \u00fcles ehitada teadlikult<\/h4>\t\t\t\t\t\t\t\t\t<p class=\"publish-date fs-12 color-gray700\">13. m\u00e4rts 2025<\/p>\t\t\t\t\t\t\t\t<\/a>\n\t\t\t\t\t\t\t<\/div>\n\t\t\t\t\t\t\t\t\t\t\t\t\t\t\t\t\t\t\t\t<div class=\"col col-lg-3 col-12\">\n\t\t\t\t\t\t\t\t<a class=\"post-link text-decoration-none py-8 ps-lg-16 pe-lg-8 border-left-primaryBlue h100 d-flex flex-column align-items-start justify-content-start\" href=\"https:\/\/www.innotrepp.ee\/en\/blogi\/evaluating-innovation-performance-creates-value-more-broadly\/\">\n\t\t\t\t\t\t\t\t\t<div class=\"featured-image-wrap w100 mb-8\">\n\t\t\t\t\t\t\t\t\t\t<div class=\"featured-image position-relative overflow-hidden w100 border-radius-8 bg-white\">\n\t\t\t\t\t\t\t\t\t\t\t\t\t\t\t\t\t\t\t\t\t\t\t<img loading=\"lazy\" decoding=\"async\" class=\"position-absolute top-0 start-0 w100 h100\" src=\"https:\/\/www.innotrepp.ee\/wp-content\/uploads\/2024\/06\/blog1-scaled.jpg\" width=\"2560\" height=\"1463\" alt=\"\" \/>\n\t\t\t\t\t\t\t\t\t\t\t\t\t\t\t\t\t\t\t\t\t<\/div>\n\t\t\t\t\t\t\t\t\t<\/div>\n\t\t\t\t\t\t\t\t\t<p class=\"tags fs-12 color-primaryBlue mb-8\">Tips<\/p>\t\t\t\t\t\t\t\t\t\t\t\t\t\t\t\t\t\t<h4 class=\"post-title color-gray800\">Evaluating innovation performance creates value more broadly<\/h4>\t\t\t\t\t\t\t\t\t<p class=\"publish-date fs-12 color-gray700\">4. juuni 2024<\/p>\t\t\t\t\t\t\t\t<\/a>\n\t\t\t\t\t\t\t<\/div>\n\t\t\t\t\t\t\t\t\t\t\t\t\t\t\t\t\t\t\t\t<div class=\"col col-lg-3 col-12\">\n\t\t\t\t\t\t\t\t<a class=\"post-link text-decoration-none py-8 ps-lg-16 pe-lg-8 border-left-primaryBlue h100 d-flex flex-column align-items-start justify-content-start\" href=\"https:\/\/www.innotrepp.ee\/en\/blogi\/9-steps-to-start-an-innovation-process\/\">\n\t\t\t\t\t\t\t\t\t<div class=\"featured-image-wrap w100 mb-8\">\n\t\t\t\t\t\t\t\t\t\t<div class=\"featured-image position-relative overflow-hidden w100 border-radius-8 bg-white\">\n\t\t\t\t\t\t\t\t\t\t\t\t\t\t\t\t\t\t\t\t\t\t\t<img loading=\"lazy\" decoding=\"async\" class=\"position-absolute top-0 start-0 w100 h100\" src=\"https:\/\/www.innotrepp.ee\/wp-content\/uploads\/2024\/03\/Firefly-minimalistic-visual-with-stair-blocks-and-a-score-bulb-in-office-surrounding-50156-scaled-1.jpg\" width=\"2560\" height=\"1463\" alt=\"\" \/>\n\t\t\t\t\t\t\t\t\t\t\t\t\t\t\t\t\t\t\t\t\t<\/div>\n\t\t\t\t\t\t\t\t\t<\/div>\n\t\t\t\t\t\t\t\t\t<p class=\"tags fs-12 color-primaryBlue mb-8\">Innotrepp<\/p>\t\t\t\t\t\t\t\t\t\t\t\t\t\t\t\t\t\t<h4 class=\"post-title color-gray800\">9 steps to start an innovation process<\/h4>\t\t\t\t\t\t\t\t\t<p class=\"publish-date fs-12 color-gray700\">24. mai 2024<\/p>\t\t\t\t\t\t\t\t<\/a>\n\t\t\t\t\t\t\t<\/div>\n\t\t\t\t\t\t\t\t\t\t\t\t\t\t\t\t\t\t\t\t<div class=\"col col-lg-3 col-12\">\n\t\t\t\t\t\t\t\t<a class=\"post-link text-decoration-none py-8 ps-lg-16 pe-lg-8 border-left-primaryBlue h100 d-flex flex-column align-items-start justify-content-start\" href=\"https:\/\/www.innotrepp.ee\/en\/blogi\/how-to-assess-your-companys-innovation-capacity\/\">\n\t\t\t\t\t\t\t\t\t<div class=\"featured-image-wrap w100 mb-8\">\n\t\t\t\t\t\t\t\t\t\t<div class=\"featured-image position-relative overflow-hidden w100 border-radius-8 bg-white\">\n\t\t\t\t\t\t\t\t\t\t\t\t\t\t\t\t\t\t\t\t\t\t\t<img loading=\"lazy\" decoding=\"async\" class=\"position-absolute top-0 start-0 w100 h100\" src=\"https:\/\/www.innotrepp.ee\/wp-content\/uploads\/2024\/04\/Screenshot-2024-04-03-at-19.10.29.png\" width=\"2252\" height=\"1392\" alt=\"\" \/>\n\t\t\t\t\t\t\t\t\t\t\t\t\t\t\t\t\t\t\t\t\t<\/div>\n\t\t\t\t\t\t\t\t\t<\/div>\n\t\t\t\t\t\t\t\t\t<p class=\"tags fs-12 color-primaryBlue mb-8\">Innotrepp<\/p>\t\t\t\t\t\t\t\t\t\t\t\t\t\t\t\t\t\t<h4 class=\"post-title color-gray800\">How to assess your company&#8217;s innovation capacity<\/h4>\t\t\t\t\t\t\t\t\t<p class=\"publish-date fs-12 color-gray700\">3. aprill 2024<\/p>\t\t\t\t\t\t\t\t<\/a>\n\t\t\t\t\t\t\t<\/div>\n\t\t\t\t\t\t\t\t\t\t\t\t\t\t\t\t\t\t\t\t<div class=\"col col-lg-3 col-12\">\n\t\t\t\t\t\t\t\t<a class=\"post-link text-decoration-none py-8 ps-lg-16 pe-lg-8 border-left-primaryBlue h100 d-flex flex-column align-items-start justify-content-start\" href=\"https:\/\/www.innotrepp.ee\/en\/blogi\/what-help-is-an-innotrep-consultant\/\">\n\t\t\t\t\t\t\t\t\t<div class=\"featured-image-wrap w100 mb-8\">\n\t\t\t\t\t\t\t\t\t\t<div class=\"featured-image position-relative overflow-hidden w100 border-radius-8 bg-white\">\n\t\t\t\t\t\t\t\t\t\t\t\t\t\t\t\t\t\t\t\t\t\t\t<img loading=\"lazy\" decoding=\"async\" class=\"position-absolute top-0 start-0 w100 h100\" src=\"https:\/\/www.innotrepp.ee\/wp-content\/uploads\/2024\/03\/Firefly-use-the-same-style-and-colours-to-create-a-connected-network-of-innovation-eco-system-minima-2-scaled-1.jpg\" width=\"2560\" height=\"1463\" alt=\"\" \/>\n\t\t\t\t\t\t\t\t\t\t\t\t\t\t\t\t\t\t\t\t\t<\/div>\n\t\t\t\t\t\t\t\t\t<\/div>\n\t\t\t\t\t\t\t\t\t<p class=\"tags fs-12 color-primaryBlue mb-8\">Innotrepp<\/p>\t\t\t\t\t\t\t\t\t\t\t\t\t\t\t\t\t\t<h4 class=\"post-title color-gray800\">What help is an innotrep consultant?<\/h4>\t\t\t\t\t\t\t\t\t<p class=\"publish-date fs-12 color-gray700\">2. aprill 2024<\/p>\t\t\t\t\t\t\t\t<\/a>\n\t\t\t\t\t\t\t<\/div>\n\t\t\t\t\t\t\t\t\t\t\t\t\t\t\t\t\t\t\t\t<div class=\"col col-lg-3 col-12\">\n\t\t\t\t\t\t\t\t<a class=\"post-link text-decoration-none py-8 ps-lg-16 pe-lg-8 border-left-primaryBlue h100 d-flex flex-column align-items-start justify-content-start\" href=\"https:\/\/www.innotrepp.ee\/en\/blogi\/pare-what-is-good-governance-and-how-to-measure-it\/\">\n\t\t\t\t\t\t\t\t\t<div class=\"featured-image-wrap w100 mb-8\">\n\t\t\t\t\t\t\t\t\t\t<div class=\"featured-image position-relative overflow-hidden w100 border-radius-8 bg-white\">\n\t\t\t\t\t\t\t\t\t\t\t\t\t\t\t\t\t\t\t\t\t\t\t<img loading=\"lazy\" decoding=\"async\" class=\"position-absolute top-0 start-0 w100 h100\" src=\"https:\/\/www.innotrepp.ee\/wp-content\/uploads\/2024\/03\/PARE.png\" width=\"960\" height=\"541\" alt=\"\" \/>\n\t\t\t\t\t\t\t\t\t\t\t\t\t\t\t\t\t\t\t\t\t<\/div>\n\t\t\t\t\t\t\t\t\t<\/div>\n\t\t\t\t\t\t\t\t\t<p class=\"tags fs-12 color-primaryBlue mb-8\">PARE<\/p>\t\t\t\t\t\t\t\t\t\t\t\t\t\t\t\t\t\t<h4 class=\"post-title color-gray800\">PARE &#8211; What is good governance and how to measure it?<\/h4>\t\t\t\t\t\t\t\t\t<p class=\"publish-date fs-12 color-gray700\">26. m\u00e4rts 2024<\/p>\t\t\t\t\t\t\t\t<\/a>\n\t\t\t\t\t\t\t<\/div>\n\t\t\t\t\t\t\t\t\t\t\t\t\t\t\t\t\t\t\t\t<div class=\"col col-lg-3 col-12\">\n\t\t\t\t\t\t\t\t<a class=\"post-link text-decoration-none py-8 ps-lg-16 pe-lg-8 border-left-primaryBlue h100 d-flex flex-column align-items-start justify-content-start\" href=\"https:\/\/www.innotrepp.ee\/en\/blogi\/what-should-every-company-know-about-innovation-capacity\/\">\n\t\t\t\t\t\t\t\t\t<div class=\"featured-image-wrap w100 mb-8\">\n\t\t\t\t\t\t\t\t\t\t<div class=\"featured-image position-relative overflow-hidden w100 border-radius-8 bg-white\">\n\t\t\t\t\t\t\t\t\t\t\t\t\t\t\t\t\t\t\t\t\t\t\t<img loading=\"lazy\" decoding=\"async\" class=\"position-absolute top-0 start-0 w100 h100\" src=\"https:\/\/www.innotrepp.ee\/wp-content\/uploads\/2024\/03\/289A3003-scaled-1.jpg\" width=\"2560\" height=\"1707\" alt=\"\" \/>\n\t\t\t\t\t\t\t\t\t\t\t\t\t\t\t\t\t\t\t\t\t<\/div>\n\t\t\t\t\t\t\t\t\t<\/div>\n\t\t\t\t\t\t\t\t\t<p class=\"tags fs-12 color-primaryBlue mb-8\">Employers<\/p>\t\t\t\t\t\t\t\t\t\t\t\t\t\t\t\t\t\t<h4 class=\"post-title color-gray800\">What should every company know about innovation capacity?<\/h4>\t\t\t\t\t\t\t\t\t<p class=\"publish-date fs-12 color-gray700\">20. m\u00e4rts 2024<\/p>\t\t\t\t\t\t\t\t<\/a>\n\t\t\t\t\t\t\t<\/div>\n\t\t\t\t\t\t\t\t\t\t\t\t\t\t\t\t\t\t\t\t<div class=\"col col-lg-3 col-12\">\n\t\t\t\t\t\t\t\t<a class=\"post-link text-decoration-none py-8 ps-lg-16 pe-lg-8 border-left-primaryBlue h100 d-flex flex-column align-items-start justify-content-start\" href=\"https:\/\/www.innotrepp.ee\/en\/blogi\/straight-to-the-point-what-should-every-business-know-about-intellectual-property\/\">\n\t\t\t\t\t\t\t\t\t<div class=\"featured-image-wrap w100 mb-8\">\n\t\t\t\t\t\t\t\t\t\t<div class=\"featured-image position-relative overflow-hidden w100 border-radius-8 bg-white\">\n\t\t\t\t\t\t\t\t\t\t\t\t\t\t\t\t\t\t\t\t\t\t\t<img loading=\"lazy\" decoding=\"async\" class=\"position-absolute top-0 start-0 w100 h100\" src=\"https:\/\/www.innotrepp.ee\/wp-content\/uploads\/2024\/03\/siim-kinnas.png\" width=\"1920\" height=\"1200\" alt=\"\" \/>\n\t\t\t\t\t\t\t\t\t\t\t\t\t\t\t\t\t\t\t\t\t<\/div>\n\t\t\t\t\t\t\t\t\t<\/div>\n\t\t\t\t\t\t\t\t\t<p class=\"tags fs-12 color-primaryBlue mb-8\">EAS<\/p>\t\t\t\t\t\t\t\t\t\t\t\t\t\t\t\t\t\t<h4 class=\"post-title color-gray800\">Straight to the point: what should every business know about intellectual property?<\/h4>\t\t\t\t\t\t\t\t\t<p class=\"publish-date fs-12 color-gray700\">1. m\u00e4rts 2024<\/p>\t\t\t\t\t\t\t\t<\/a>\n\t\t\t\t\t\t\t<\/div>\n\t\t\t\t\t\t\t\t\t\t\t<\/div>\n\t\t\t\t\n\t\t\t\t\t\t\t<\/div>\n\t\t<\/div>\n\t<\/div>\n<\/section>\n<section class=\"register-link-block mb-lg-96 mb-64 \">\n\t<div class=\"container-wide\">\n\t\t<div class=\"bg-primaryBlueLightOpacity10 border-radius-24 px-24 py-24\">\n\t\t\t<div class=\"row gy-lg-0 gy-24\">\n\t\t\t\t\t\t\t\t\t<div class=\"col col-lg-6 col-12\">\n\t\t\t\t\t\t<div class=\"content-wrap h100 d-flex flex-column align-items-start justify-content-start\">\n\t\t\t\t\t\t\t<h3>Why create an Innotrep account?<\/h3>\n<p> The Innotrep user account allows you to save the score of the personal innovation test, see the services that are suitable for your development, and choose a personal consultant for advice.<\/p>\n\t\t\t\t\t\t\t\t\t\t\t\t\t<\/div>\n\t\t\t\t\t<\/div>\n\t\t\t\t\t\t\t\t\t\t\t\t\t<div class=\"col col-lg-6 col-12\">\n\t\t\t\t\t\t<div class=\"image-wrap w100\">\n\t\t\t\t\t\t\t<div class=\"image position-relative overflow-hidden w100 border-radius-8 bg-white\">\n\t\t\t\t\t\t\t\t<img loading=\"lazy\" decoding=\"async\" class=\"position-absolute top-0 start-0 w100 h100\" src=\"https:\/\/www.innotrepp.ee\/wp-content\/uploads\/2024\/03\/Firefly-minimalistic-visual-with-stair-blocks-and-a-score-bulb-in-office-surrounding-50156-scaled-1.jpg\" width=\"2560\" height=\"1463\" alt=\"\" \/>\n\t\t\t\t\t\t\t<\/div>\n\t\t\t\t\t\t<\/div>\n\t\t\t\t\t<\/div>\n\t\t\t\t\t\t\t<\/div>\n\t\t<\/div>\n\t<\/div>\n<\/section>\n<section class=\"newsletter-block mb-lg-96 mb-64 \">\n    <div class=\"container-wide\">\n\t\t<div class=\"inside-wrap position-relative py-24 px-24 overflow-hidden border-radius-8\">\n\t\t\t<img loading=\"lazy\" decoding=\"async\" class=\"bg-image position-absolute top-0 start-0 w100 h100\" src=\"https:\/\/www.innotrepp.ee\/wp-content\/uploads\/2024\/02\/foon-1.svg\" width=\"1376\" height=\"277\" alt=\"\" \/>\n\t\t\t<div class=\"block-content position-relative row\">\n\t\t\t\t<div class=\"col col-lg-6 col-12\"><h2 class=\"title fs-72 fw-light\">newsletter<\/h2><\/div>\t\t\t\t\t\t\t\t\t<div class=\"col col-lg-6 col-12\">\n\t\t\t\t\t\t<div class=\"intro mb-lg-48 mb-24\"><p>Subscribe to the innotrep newsletter if you would like news about various innovation opportunities, company experience stories and advice for developing your company to your e-mail.<\/p>\n<\/div>\t\t\t\t\t\t<div class=\"newsletter-form\">\n\t\t\t\t\t\t\t<p class=\"wpcf7-contact-form-not-found\"><strong>Error:<\/strong> Contact form not found.<\/p>\t\t\t\t\t\t<\/div>\n\t\t\t\t\t\t<div class=\"description mt-lg-48 mt-24 fs-12 color-gray700\"><p>You can remove yourself from the newsletter at any time. Read more about our <a href=\"https:\/\/www.innotrepp.ee\/en\/innotrepp-ee-terms-of-use\/\">terms of use<\/a><\/p>\n<\/div>\t\t\t\t\t<\/div>\n\t\t\t\t\t\t\t<\/div>\n\t\t<\/div>\n    <\/div>\n<\/section>","protected":false},"excerpt":{"rendered":"","protected":false},"author":1,"featured_media":0,"parent":3296,"menu_order":0,"comment_status":"closed","ping_status":"closed","template":"page-templates\/no-title.php","meta":{"_acf_changed":false,"slim_seo":{"title":"Advice - Innotrepp","description":""},"footnotes":""},"class_list":["post-3300","page","type-page","status-publish","hentry"],"acf":[],"_links":{"self":[{"href":"https:\/\/www.innotrepp.ee\/en\/wp-json\/wp\/v2\/pages\/3300","targetHints":{"allow":["GET"]}}],"collection":[{"href":"https:\/\/www.innotrepp.ee\/en\/wp-json\/wp\/v2\/pages"}],"about":[{"href":"https:\/\/www.innotrepp.ee\/en\/wp-json\/wp\/v2\/types\/page"}],"author":[{"embeddable":true,"href":"https:\/\/www.innotrepp.ee\/en\/wp-json\/wp\/v2\/users\/1"}],"replies":[{"embeddable":true,"href":"https:\/\/www.innotrepp.ee\/en\/wp-json\/wp\/v2\/comments?post=3300"}],"version-history":[{"count":1,"href":"https:\/\/www.innotrepp.ee\/en\/wp-json\/wp\/v2\/pages\/3300\/revisions"}],"predecessor-version":[{"id":3301,"href":"https:\/\/www.innotrepp.ee\/en\/wp-json\/wp\/v2\/pages\/3300\/revisions\/3301"}],"up":[{"embeddable":true,"href":"https:\/\/www.innotrepp.ee\/en\/wp-json\/wp\/v2\/pages\/3296"}],"wp:attachment":[{"href":"https:\/\/www.innotrepp.ee\/en\/wp-json\/wp\/v2\/media?parent=3300"}],"curies":[{"name":"wp","href":"https:\/\/api.w.org\/{rel}","templated":true}]}}